{"id":798,"date":"2024-04-26T19:17:29","date_gmt":"2024-04-26T22:17:29","guid":{"rendered":"https:\/\/caproq.com\/?page_id=798"},"modified":"2024-05-09T14:46:12","modified_gmt":"2024-05-09T17:46:12","slug":"elementor-798","status":"publish","type":"page","link":"https:\/\/caproq.com\/index.php\/elementor-798\/","title":{"rendered":"NOTA ENCUENTRO CAPROQ-PUERTO QUEQUEN"},"content":{"rendered":"\t\t<div data-elementor-type=\"wp-page\" data-elementor-id=\"798\" class=\"elementor elementor-798\">\n\t\t\t\t<div class=\"elementor-element elementor-element-e47742a e-flex e-con-boxed e-con e-parent\" data-id=\"e47742a\" data-element_type=\"container\" data-e-type=\"container\">\n\t\t\t\t\t<div class=\"e-con-inner\">\n\t\t\t\t<div class=\"elementor-element elementor-element-2924d11 elementor-widget elementor-widget-text-editor\" data-id=\"2924d11\" data-element_type=\"widget\" data-e-type=\"widget\" data-widget_type=\"text-editor.default\">\n\t\t\t\t<div class=\"elementor-widget-container\">\n\t\t\t\t\t\t\t\t\t<h1>Encuentro estrat\u00e9gico en Puerto Quequ\u00e9n<\/h1>\t\t\t\t\t\t\t\t<\/div>\n\t\t\t\t<\/div>\n\t\t\t\t<div class=\"elementor-element elementor-element-e3f5dc6 elementor-widget elementor-widget-image\" data-id=\"e3f5dc6\" data-element_type=\"widget\" data-e-type=\"widget\" data-widget_type=\"image.default\">\n\t\t\t\t<div class=\"elementor-widget-container\">\n\t\t\t\t\t\t\t\t\t\t\t\t\t\t\t<img fetchpriority=\"high\" decoding=\"async\" width=\"730\" height=\"411\" src=\"https:\/\/caproq.com\/wp-content\/uploads\/2024\/04\/VISITA-PUERTO.jpg\" class=\"attachment-large size-large wp-image-685\" alt=\"\" srcset=\"https:\/\/caproq.com\/wp-content\/uploads\/2024\/04\/VISITA-PUERTO.jpg 730w, https:\/\/caproq.com\/wp-content\/uploads\/2024\/04\/VISITA-PUERTO-300x169.jpg 300w\" sizes=\"(max-width: 730px) 100vw, 730px\" \/>\t\t\t\t\t\t\t\t\t\t\t\t\t\t\t<\/div>\n\t\t\t\t<\/div>\n\t\t\t\t\t<\/div>\n\t\t\t\t<\/div>\n\t\t<div class=\"elementor-element elementor-element-1bb7923 e-grid e-con-boxed e-con e-parent\" data-id=\"1bb7923\" data-element_type=\"container\" data-e-type=\"container\">\n\t\t\t\t\t<div class=\"e-con-inner\">\n\t\t\t\t<div class=\"elementor-element elementor-element-c85eb98 elementor-widget__width-initial elementor-widget elementor-widget-text-editor\" data-id=\"c85eb98\" data-element_type=\"widget\" data-e-type=\"widget\" data-widget_type=\"text-editor.default\">\n\t\t\t\t<div class=\"elementor-widget-container\">\n\t\t\t\t\t\t\t\t\t<p>D\u00edas atr\u00e1s miembros de la Comisi\u00f3n Directiva de CAPROQ fueron recibidos por la nueva Presidenta en funciones del Consorcio de Gesti\u00f3n de Puerto Quequ\u00e9n, Lic. Jimena Lopez .\u00a0<\/p><p><span style=\"text-align: var(--text-align); background-color: transparent;\">En palabras de su Presidente, Hugo Obregozo, \u201c<strong><em>Vinimos a presentarnos oficialmente y a brindar nuestro apoyo a la recientemente asumida Presidenta del Consorcio. Esta reuni\u00f3n nos llena de expectativas a ambas partes y reaviva la intenci\u00f3n \u00a0de trabajar de manera mancomunada por el bienestar de nuestra comunidad<\/em><\/strong>\u201d.<\/span><\/p><p>Durante el encuentro fueron presentados los puntos estrat\u00e9gicos en los que viene trabajando CAPROQ y que est\u00e1n relacionados con el impulso al sector productivo, la llegada de inversiones y la generaci\u00f3n de empleo.\u00a0<\/p>\t\t\t\t\t\t\t\t<\/div>\n\t\t\t\t<\/div>\n\t\t\t\t<div class=\"elementor-element elementor-element-73ea58c elementor-widget elementor-widget-text-editor\" data-id=\"73ea58c\" data-element_type=\"widget\" data-e-type=\"widget\" data-widget_type=\"text-editor.default\">\n\t\t\t\t<div class=\"elementor-widget-container\">\n\t\t\t\t\t\t\t\t\t<p>En ese sentido, el Ing. Mario Goicoechea, Gerente de la C\u00e1mara, indico la voluntad de \u201cponer a disposici\u00f3n proyectos que venimos desarrollando desde CAPROQ junto a t\u00e9cnicos propios y Universidades Nacionales\u201d.<\/p><p>Asimismo, manifestamos y compartimos la misi\u00f3n de trabajar en conjunto para generar nuevas y mejores herramientas t\u00e9cnicas \u00a0en beneficio, no solo \u00a0del sector portuario, sino del del desarrollo econ\u00f3mico y social de todo el distrito. \u00a0<\/p><p>Agradecemos al equipo del Consorcio de Gesti\u00f3n de Puerto Quequ\u00e9n y a su Presidenta por la c\u00e1lida bienvenida, y queremos expresar nuestros saludos a la instituci\u00f3n en conmemoraci\u00f3n de sus 30 a\u00f1os desde su establecimiento.<\/p>\t\t\t\t\t\t\t\t<\/div>\n\t\t\t\t<\/div>\n\t\t\t\t\t<\/div>\n\t\t\t\t<\/div>\n\t\t\t\t<\/div>\n\t\t","protected":false},"excerpt":{"rendered":"<p>Encuentro estrat\u00e9gico en Puerto Quequ\u00e9n D\u00edas atr\u00e1s miembros de la Comisi\u00f3n Directiva de CAPROQ fueron recibidos por la nueva Presidenta en funciones del Consorcio&hellip;<\/p>\n","protected":false},"author":1,"featured_media":0,"parent":0,"menu_order":0,"comment_status":"closed","ping_status":"closed","template":"","meta":{"footnotes":""},"class_list":["post-798","page","type-page","status-publish","hentry"],"_links":{"self":[{"href":"https:\/\/caproq.com\/index.php\/wp-json\/wp\/v2\/pages\/798","targetHints":{"allow":["GET"]}}],"collection":[{"href":"https:\/\/caproq.com\/index.php\/wp-json\/wp\/v2\/pages"}],"about":[{"href":"https:\/\/caproq.com\/index.php\/wp-json\/wp\/v2\/types\/page"}],"author":[{"embeddable":true,"href":"https:\/\/caproq.com\/index.php\/wp-json\/wp\/v2\/users\/1"}],"replies":[{"embeddable":true,"href":"https:\/\/caproq.com\/index.php\/wp-json\/wp\/v2\/comments?post=798"}],"version-history":[{"count":9,"href":"https:\/\/caproq.com\/index.php\/wp-json\/wp\/v2\/pages\/798\/revisions"}],"predecessor-version":[{"id":2373,"href":"https:\/\/caproq.com\/index.php\/wp-json\/wp\/v2\/pages\/798\/revisions\/2373"}],"wp:attachment":[{"href":"https:\/\/caproq.com\/index.php\/wp-json\/wp\/v2\/media?parent=798"}],"curies":[{"name":"wp","href":"https:\/\/api.w.org\/{rel}","templated":true}]}}