{"id":787,"date":"2024-04-26T19:06:11","date_gmt":"2024-04-26T22:06:11","guid":{"rendered":"https:\/\/caproq.com\/?page_id=787"},"modified":"2024-05-09T14:47:01","modified_gmt":"2024-05-09T17:47:01","slug":"tedx","status":"publish","type":"page","link":"https:\/\/caproq.com\/index.php\/tedx\/","title":{"rendered":"NOTA TEDX"},"content":{"rendered":"\t\t<div data-elementor-type=\"wp-page\" data-elementor-id=\"787\" class=\"elementor elementor-787\">\n\t\t\t\t<div class=\"elementor-element elementor-element-bc401fd e-flex e-con-boxed e-con e-parent\" data-id=\"bc401fd\" data-element_type=\"container\" data-e-type=\"container\">\n\t\t\t\t\t<div class=\"e-con-inner\">\n\t\t\t\t<div class=\"elementor-element elementor-element-e97e2d8 elementor-widget elementor-widget-text-editor\" data-id=\"e97e2d8\" data-element_type=\"widget\" data-e-type=\"widget\" data-widget_type=\"text-editor.default\">\n\t\t\t\t<div class=\"elementor-widget-container\">\n\t\t\t\t\t\t\t\t\t<h1>TEDX Necochea:\u00a0 Buscamos ideas inspiradoras para compartir!<\/h1>\t\t\t\t\t\t\t\t<\/div>\n\t\t\t\t<\/div>\n\t\t\t\t<div class=\"elementor-element elementor-element-4063afa elementor-widget elementor-widget-image\" data-id=\"4063afa\" data-element_type=\"widget\" data-e-type=\"widget\" data-widget_type=\"image.default\">\n\t\t\t\t<div class=\"elementor-widget-container\">\n\t\t\t\t\t\t\t\t\t\t\t\t\t\t\t<img fetchpriority=\"high\" decoding=\"async\" width=\"840\" height=\"540\" src=\"https:\/\/caproq.com\/wp-content\/uploads\/2024\/03\/TEDX2-1024x658.jpeg\" class=\"attachment-large size-large wp-image-522\" alt=\"\" srcset=\"https:\/\/caproq.com\/wp-content\/uploads\/2024\/03\/TEDX2-1024x658.jpeg 1024w, https:\/\/caproq.com\/wp-content\/uploads\/2024\/03\/TEDX2-300x193.jpeg 300w, https:\/\/caproq.com\/wp-content\/uploads\/2024\/03\/TEDX2-768x494.jpeg 768w, https:\/\/caproq.com\/wp-content\/uploads\/2024\/03\/TEDX2-1536x987.jpeg 1536w, https:\/\/caproq.com\/wp-content\/uploads\/2024\/03\/TEDX2.jpeg 2048w\" sizes=\"(max-width: 840px) 100vw, 840px\" \/>\t\t\t\t\t\t\t\t\t\t\t\t\t\t\t<\/div>\n\t\t\t\t<\/div>\n\t\t\t\t\t<\/div>\n\t\t\t\t<\/div>\n\t\t<div class=\"elementor-element elementor-element-ad65169 e-grid e-con-boxed e-con e-parent\" data-id=\"ad65169\" data-element_type=\"container\" data-e-type=\"container\">\n\t\t\t\t\t<div class=\"e-con-inner\">\n\t\t\t\t<div class=\"elementor-element elementor-element-7c189fb elementor-widget elementor-widget-text-editor\" data-id=\"7c189fb\" data-element_type=\"widget\" data-e-type=\"widget\" data-widget_type=\"text-editor.default\">\n\t\t\t\t<div class=\"elementor-widget-container\">\n\t\t\t\t\t\t\t\t\t<p dir=\"ltr\">Se viene TEDXNecochea 2024 y CAPROQ acompa\u00f1ar\u00e1 una vez m\u00e1s la realizaci\u00f3n de este invaluable evento.&nbsp;<\/p><p dir=\"ltr\">En esta ocasi\u00f3n, podes proponer oradores para escuchar en esta edici\u00f3n, le\u00e9 atentamente las siguientes consideraciones y complet\u00e1 el formulario.<\/p>\n<p dir=\"ltr\">\n<\/p><p dir=\"ltr\">Nos interesan la ciencia y la tecnolog\u00eda, el arte, las historias de lideres inspiradores de nuestra comunidad, el dise\u00f1o y la creatividad, las iniciativas sociales y la creaci\u00f3n individual, pero fundamentalmente, queremos escuchar ideas que valga la pena difundir.&nbsp;<\/p>\n<p dir=\"ltr\">\n<\/p><p dir=\"ltr\">Buscamos personas que destaquen en cualquier actividad y quieran compartir su pasi\u00f3n y su experiencia. Personas que puedan maravillarnos, sorprendernos, provocarnos y motivarnos a pensar y a hacer, en menos de 15 minutos.<\/p>\t\t\t\t\t\t\t\t<\/div>\n\t\t\t\t<\/div>\n\t\t\t\t<div class=\"elementor-element elementor-element-2f49e5f elementor-widget__width-initial elementor-widget elementor-widget-text-editor\" data-id=\"2f49e5f\" data-element_type=\"widget\" data-e-type=\"widget\" data-widget_type=\"text-editor.default\">\n\t\t\t\t<div class=\"elementor-widget-container\">\n\t\t\t\t\t\t\t\t\t<p dir=\"ltr\">Priorizamos a miembros de nuestra comunidad y a personas que tengan facilidad para expresarse en p\u00fablico, no solo evaluaremos su capacidad teorica.<\/p><p dir=\"ltr\">Tene en cuenta que, de acuerdo a la pol\u00edtica de TED, NO seleccionaremos oradores cuyo objetivo sea promover: empresas, religiones, partidos pol\u00edticos o cualquier otra agenda que no sea la de difusi\u00f3n de ideas.<\/p><p dir=\"ltr\">Finalmente, no hace falta que conozcas personalmente al orador, pero cuanta m\u00e1s informaci\u00f3n nos des, mejor podremos evaluarlo. Ah\u2026 y si quer\u00e9s pod\u00e9s proponerte como orador a vos mismo\/a.<\/p><p dir=\"ltr\">Aca te dejamos el link al formulario: <a href=\"https:\/\/tedxnecochea.com\/index.php\/aplicar-a-charlas-ted\/\" target=\"_blank\" rel=\"noopener\" data-saferedirecturl=\"https:\/\/www.google.com\/url?q=https:\/\/tedxnecochea.com\/index.php\/aplicar-a-charlas-ted\/&amp;source=gmail&amp;ust=1710282143335000&amp;usg=AOvVaw3gXFOp4zsHYgglRJeAKt8t\">https:\/\/tedxnecochea.com\/<wbr \/>index.php\/aplicar-a-charlas-<wbr \/>ted\/<\/a>\u00a0<\/p>\t\t\t\t\t\t\t\t<\/div>\n\t\t\t\t<\/div>\n\t\t\t\t\t<\/div>\n\t\t\t\t<\/div>\n\t\t\t\t<\/div>\n\t\t","protected":false},"excerpt":{"rendered":"<p>TEDX Necochea:\u00a0 Buscamos ideas inspiradoras para compartir! Se viene TEDXNecochea 2024 y CAPROQ acompa\u00f1ar\u00e1 una vez m\u00e1s la realizaci\u00f3n de este invaluable evento.&nbsp; En&hellip;<\/p>\n","protected":false},"author":1,"featured_media":0,"parent":0,"menu_order":0,"comment_status":"closed","ping_status":"closed","template":"","meta":{"footnotes":""},"class_list":["post-787","page","type-page","status-publish","hentry"],"_links":{"self":[{"href":"https:\/\/caproq.com\/index.php\/wp-json\/wp\/v2\/pages\/787","targetHints":{"allow":["GET"]}}],"collection":[{"href":"https:\/\/caproq.com\/index.php\/wp-json\/wp\/v2\/pages"}],"about":[{"href":"https:\/\/caproq.com\/index.php\/wp-json\/wp\/v2\/types\/page"}],"author":[{"embeddable":true,"href":"https:\/\/caproq.com\/index.php\/wp-json\/wp\/v2\/users\/1"}],"replies":[{"embeddable":true,"href":"https:\/\/caproq.com\/index.php\/wp-json\/wp\/v2\/comments?post=787"}],"version-history":[{"count":14,"href":"https:\/\/caproq.com\/index.php\/wp-json\/wp\/v2\/pages\/787\/revisions"}],"predecessor-version":[{"id":2376,"href":"https:\/\/caproq.com\/index.php\/wp-json\/wp\/v2\/pages\/787\/revisions\/2376"}],"wp:attachment":[{"href":"https:\/\/caproq.com\/index.php\/wp-json\/wp\/v2\/media?parent=787"}],"curies":[{"name":"wp","href":"https:\/\/api.w.org\/{rel}","templated":true}]}}