{"id":2007,"date":"2024-05-03T19:57:24","date_gmt":"2024-05-03T22:57:24","guid":{"rendered":"https:\/\/caproq.com\/?page_id=2007"},"modified":"2024-11-11T14:29:06","modified_gmt":"2024-11-11T17:29:06","slug":"monotributo","status":"publish","type":"page","link":"https:\/\/caproq.com\/index.php\/monotributo\/","title":{"rendered":"Monotributo (HACER NUEVA)"},"content":{"rendered":"\t\t<div data-elementor-type=\"wp-page\" data-elementor-id=\"2007\" class=\"elementor elementor-2007\">\n\t\t\t\t<div class=\"elementor-element elementor-element-0832bd6 e-con-full e-flex e-con e-parent\" data-id=\"0832bd6\" data-element_type=\"container\" data-e-type=\"container\">\n\t\t<div class=\"elementor-element elementor-element-98f2624 e-con-full e-flex e-con e-child\" data-id=\"98f2624\" data-element_type=\"container\" data-e-type=\"container\">\n\t\t\t\t<div class=\"elementor-element elementor-element-6c101c8 elementor-widget elementor-widget-heading\" data-id=\"6c101c8\" data-element_type=\"widget\" data-e-type=\"widget\" data-widget_type=\"heading.default\">\n\t\t\t\t<div class=\"elementor-widget-container\">\n\t\t\t\t\t<h2 class=\"elementor-heading-title elementor-size-default\">MONOTRIBUTO<\/h2>\t\t\t\t<\/div>\n\t\t\t\t<\/div>\n\t\t\t\t<div class=\"elementor-element elementor-element-e100862 elementor-widget elementor-widget-text-editor\" data-id=\"e100862\" data-element_type=\"widget\" data-e-type=\"widget\" data-widget_type=\"text-editor.default\">\n\t\t\t\t<div class=\"elementor-widget-container\">\n\t\t\t\t\t\t\t\t\t<p><span style=\"color: #000000;\"><span style=\"font-weight: 400;\">El monotributo es un r\u00e9gimen para <\/span><b>peque\u00f1os contribuyentes <\/b><span style=\"font-weight: 400;\">que realicen cualquier actividad comercial, en el que se unifican el componente impositivo nacional (IVA y Ganancias) y provincial en algunos casos (ingresos brutos) y el componente previsional (aportes jubilatorios y obra social).\u00a0<\/span><\/span><\/p><p><span style=\"font-weight: 400; color: #000000;\">Es decir, te permite facturar, pagar tus impuestos, y tener aportes y obra social de manera super sencilla, abonando un monto unificado seg\u00fan la categor\u00eda en la que te inscribas. Pero eso lo vamos a ver mas adelante, ahora veamos c\u00f3mo darte de alta!\u00a0<\/span><\/p><p><span style=\"color: #3e829a;\"><strong>Segui estos pasos: <\/strong><\/span><\/p>\t\t\t\t\t\t\t\t<\/div>\n\t\t\t\t<\/div>\n\t\t\t\t<div class=\"elementor-element elementor-element-546377b elementor-widget elementor-widget-heading\" data-id=\"546377b\" data-element_type=\"widget\" data-e-type=\"widget\" data-widget_type=\"heading.default\">\n\t\t\t\t<div class=\"elementor-widget-container\">\n\t\t\t\t\t<h2 class=\"elementor-heading-title elementor-size-default\">GUIA PARA INSCRIBIRTE EN EL MONOTRIBUTO<\/h2>\t\t\t\t<\/div>\n\t\t\t\t<\/div>\n\t\t\t\t<div class=\"elementor-element elementor-element-79dae39 elementor-widget-divider--view-line elementor-widget elementor-widget-divider\" data-id=\"79dae39\" data-element_type=\"widget\" data-e-type=\"widget\" data-widget_type=\"divider.default\">\n\t\t\t\t<div class=\"elementor-widget-container\">\n\t\t\t\t\t\t\t<div class=\"elementor-divider\">\n\t\t\t<span class=\"elementor-divider-separator\">\n\t\t\t\t\t\t<\/span>\n\t\t<\/div>\n\t\t\t\t\t\t<\/div>\n\t\t\t\t<\/div>\n\t\t\t\t<\/div>\n\t\t<div class=\"elementor-element elementor-element-8657f47 e-con-full e-flex e-con e-child\" data-id=\"8657f47\" data-element_type=\"container\" data-e-type=\"container\">\n\t\t<div class=\"elementor-element elementor-element-6117124 e-con-full e-flex e-con e-child\" data-id=\"6117124\" data-element_type=\"container\" data-e-type=\"container\" data-settings=\"{&quot;background_background&quot;:&quot;classic&quot;}\">\n\t\t\t\t<div class=\"elementor-element elementor-element-33799ba elementor-widget elementor-widget-heading\" data-id=\"33799ba\" data-element_type=\"widget\" data-e-type=\"widget\" data-widget_type=\"heading.default\">\n\t\t\t\t<div class=\"elementor-widget-container\">\n\t\t\t\t\t<h2 class=\"elementor-heading-title elementor-size-default\">PASO 1<\/h2>\t\t\t\t<\/div>\n\t\t\t\t<\/div>\n\t\t\t\t<div class=\"elementor-element elementor-element-495c683 elementor-widget elementor-widget-text-editor\" data-id=\"495c683\" data-element_type=\"widget\" data-e-type=\"widget\" data-widget_type=\"text-editor.default\">\n\t\t\t\t<div class=\"elementor-widget-container\">\n\t\t\t\t\t\t\t\t\t<p style=\"text-align: center;\"><span style=\"color: #ffffff;\"><span style=\"font-weight: 400;\">Primero, necesit\u00e1s tener CUIT y clave fiscal. Si todav\u00eda no los ten\u00e9s, pod\u00e9s obtenerlos en l\u00ednea, desde la <\/span><span style=\"color: #00ccff;\"><a style=\"color: #00ccff;\" href=\"https:\/\/www.afip.gob.ar\/\" target=\"_blank\" rel=\"noopener\"><span style=\"font-weight: 400;\">web de AFIP<\/span><\/a><\/span><span style=\"font-weight: 400;\"><span style=\"color: #00ccff;\">,<\/span> haciendo click en \u201cComenzar inscripcion\u201d\u00a0<\/span><\/span><\/p>\t\t\t\t\t\t\t\t<\/div>\n\t\t\t\t<\/div>\n\t\t\t\t<div class=\"elementor-element elementor-element-0165a2f elementor-widget elementor-widget-image\" data-id=\"0165a2f\" data-element_type=\"widget\" data-e-type=\"widget\" data-widget_type=\"image.default\">\n\t\t\t\t<div class=\"elementor-widget-container\">\n\t\t\t\t\t\t\t\t\t\t\t\t\t\t\t<img fetchpriority=\"high\" decoding=\"async\" width=\"762\" height=\"252\" src=\"https:\/\/caproq.com\/wp-content\/uploads\/2024\/05\/AFIP.png\" class=\"attachment-large size-large wp-image-1585\" alt=\"\" srcset=\"https:\/\/caproq.com\/wp-content\/uploads\/2024\/05\/AFIP.png 762w, https:\/\/caproq.com\/wp-content\/uploads\/2024\/05\/AFIP-300x99.png 300w\" sizes=\"(max-width: 762px) 100vw, 762px\" \/>\t\t\t\t\t\t\t\t\t\t\t\t\t\t\t<\/div>\n\t\t\t\t<\/div>\n\t\t\t\t<div class=\"elementor-element elementor-element-c773c91 elementor-widget elementor-widget-text-editor\" data-id=\"c773c91\" data-element_type=\"widget\" data-e-type=\"widget\" data-widget_type=\"text-editor.default\">\n\t\t\t\t<div class=\"elementor-widget-container\">\n\t\t\t\t\t\t\t\t\t<p style=\"text-align: center;\"><span style=\"font-weight: 400; color: #ffffff;\">Si tenes mas dudas sobre como obtener tu CUIT, segui <\/span><span style=\"color: #00ccff;\"><a style=\"color: #00ccff;\" href=\"https:\/\/serviciosweb.afip.gob.ar\/genericos\/guiasPasoPaso\/VerGuia.aspx?id=317\" target=\"_blank\" rel=\"noopener\"><span style=\"font-weight: 400;\">este tutorial\u00a0<\/span><\/a><\/span><\/p>\t\t\t\t\t\t\t\t<\/div>\n\t\t\t\t<\/div>\n\t\t\t\t<\/div>\n\t\t<div class=\"elementor-element elementor-element-b264cee e-con-full e-flex e-con e-child\" data-id=\"b264cee\" data-element_type=\"container\" data-e-type=\"container\" data-settings=\"{&quot;background_background&quot;:&quot;classic&quot;}\">\n\t\t\t\t<div class=\"elementor-element elementor-element-e192112 elementor-widget elementor-widget-heading\" data-id=\"e192112\" data-element_type=\"widget\" data-e-type=\"widget\" data-widget_type=\"heading.default\">\n\t\t\t\t<div class=\"elementor-widget-container\">\n\t\t\t\t\t<h2 class=\"elementor-heading-title elementor-size-default\">PASO 2<\/h2>\t\t\t\t<\/div>\n\t\t\t\t<\/div>\n\t\t\t\t<div class=\"elementor-element elementor-element-3f3e9ed elementor-widget elementor-widget-text-editor\" data-id=\"3f3e9ed\" data-element_type=\"widget\" data-e-type=\"widget\" data-widget_type=\"text-editor.default\">\n\t\t\t\t<div class=\"elementor-widget-container\">\n\t\t\t\t\t\t\t\t\t<p style=\"text-align: center;\"><span style=\"color: #ffffff;\">Una vez que tengas CUIT vas a cliquear en \u201cIniciar sesi\u00f3n\u201d, y luego ingresar tu clave. En caso de no tenerla, vas a cliquear en \u201cobt\u00e9n tu clave fiscal\u201d\u00a0<\/span><\/p>\t\t\t\t\t\t\t\t<\/div>\n\t\t\t\t<\/div>\n\t\t\t\t<\/div>\n\t\t<div class=\"elementor-element elementor-element-12865d9 e-con-full e-flex e-con e-child\" data-id=\"12865d9\" data-element_type=\"container\" data-e-type=\"container\" data-settings=\"{&quot;background_background&quot;:&quot;classic&quot;}\">\n\t\t\t\t<div class=\"elementor-element elementor-element-ec6cad8 elementor-widget elementor-widget-heading\" data-id=\"ec6cad8\" data-element_type=\"widget\" data-e-type=\"widget\" data-widget_type=\"heading.default\">\n\t\t\t\t<div class=\"elementor-widget-container\">\n\t\t\t\t\t<h2 class=\"elementor-heading-title elementor-size-default\">PASO 3<\/h2>\t\t\t\t<\/div>\n\t\t\t\t<\/div>\n\t\t\t\t<div class=\"elementor-element elementor-element-adcacaa elementor-widget elementor-widget-text-editor\" data-id=\"adcacaa\" data-element_type=\"widget\" data-e-type=\"widget\" data-widget_type=\"text-editor.default\">\n\t\t\t\t<div class=\"elementor-widget-container\">\n\t\t\t\t\t\t\t\t\t<p style=\"text-align: center;\"><span style=\"color: #ffffff;\">Ahora vas comenzar con el alta de Monotributo! Selecciona desde que mes vas a realizar la inscripci\u00f3n, es decir, comenzar a facturar. Y luego la opci\u00f3n: \u201cVoy a realizar una actividad econ\u00f3mica, adherirme en el monotributo o inscribirme en IVA y facturar\u201d<\/span><\/p>\t\t\t\t\t\t\t\t<\/div>\n\t\t\t\t<\/div>\n\t\t\t\t<\/div>\n\t\t\t\t<\/div>\n\t\t<div class=\"elementor-element elementor-element-363b43b e-con-full e-flex e-con e-child\" data-id=\"363b43b\" data-element_type=\"container\" data-e-type=\"container\">\n\t\t<div class=\"elementor-element elementor-element-0d63c6f e-con-full e-flex e-con e-child\" data-id=\"0d63c6f\" data-element_type=\"container\" data-e-type=\"container\" data-settings=\"{&quot;background_background&quot;:&quot;classic&quot;}\">\n\t\t\t\t<div class=\"elementor-element elementor-element-37875a1 elementor-widget elementor-widget-heading\" data-id=\"37875a1\" data-element_type=\"widget\" data-e-type=\"widget\" data-widget_type=\"heading.default\">\n\t\t\t\t<div class=\"elementor-widget-container\">\n\t\t\t\t\t<h2 class=\"elementor-heading-title elementor-size-default\">PASO 4<\/h2>\t\t\t\t<\/div>\n\t\t\t\t<\/div>\n\t\t\t\t<div class=\"elementor-element elementor-element-143e265 elementor-widget elementor-widget-text-editor\" data-id=\"143e265\" data-element_type=\"widget\" data-e-type=\"widget\" data-widget_type=\"text-editor.default\">\n\t\t\t\t<div class=\"elementor-widget-container\">\n\t\t\t\t\t\t\t\t\t<p style=\"text-align: center;\"><span style=\"color: #ffffff;\">En este paso vas a poder ver los domicilios registrados en AFIP y que tipo de domicilio son. El Domicilio Fiscal, es decir, donde realizar la actividad econ\u00f3mica y el Domicilio Real, es decir, donde viv\u00eds. Ambos pueden coincidir.<\/span><\/p>\t\t\t\t\t\t\t\t<\/div>\n\t\t\t\t<\/div>\n\t\t\t\t<\/div>\n\t\t<div class=\"elementor-element elementor-element-a5222b0 e-con-full e-flex e-con e-child\" data-id=\"a5222b0\" data-element_type=\"container\" data-e-type=\"container\" data-settings=\"{&quot;background_background&quot;:&quot;classic&quot;}\">\n\t\t\t\t<div class=\"elementor-element elementor-element-ae5f8c3 elementor-widget elementor-widget-heading\" data-id=\"ae5f8c3\" data-element_type=\"widget\" data-e-type=\"widget\" data-widget_type=\"heading.default\">\n\t\t\t\t<div class=\"elementor-widget-container\">\n\t\t\t\t\t<h2 class=\"elementor-heading-title elementor-size-default\">PASO 5<\/h2>\t\t\t\t<\/div>\n\t\t\t\t<\/div>\n\t\t\t\t<div class=\"elementor-element elementor-element-e9ee65c elementor-widget elementor-widget-text-editor\" data-id=\"e9ee65c\" data-element_type=\"widget\" data-e-type=\"widget\" data-widget_type=\"text-editor.default\">\n\t\t\t\t<div class=\"elementor-widget-container\">\n\t\t\t\t\t\t\t\t\t<p style=\"text-align: center;\"><span style=\"font-weight: 400; color: #ffffff;\">En el paso \u201cJurisdicci\u00f3n\u201d indica si vas a realizar tu actividad en alguna otra provincia.<\/span><\/p>\t\t\t\t\t\t\t\t<\/div>\n\t\t\t\t<\/div>\n\t\t\t\t<\/div>\n\t\t<div class=\"elementor-element elementor-element-65f2de4 e-con-full e-flex e-con e-child\" data-id=\"65f2de4\" data-element_type=\"container\" data-e-type=\"container\" data-settings=\"{&quot;background_background&quot;:&quot;classic&quot;}\">\n\t\t\t\t<div class=\"elementor-element elementor-element-3a57375 elementor-widget elementor-widget-heading\" data-id=\"3a57375\" data-element_type=\"widget\" data-e-type=\"widget\" data-widget_type=\"heading.default\">\n\t\t\t\t<div class=\"elementor-widget-container\">\n\t\t\t\t\t<h2 class=\"elementor-heading-title elementor-size-default\">PASO 6<\/h2>\t\t\t\t<\/div>\n\t\t\t\t<\/div>\n\t\t\t\t<div class=\"elementor-element elementor-element-0b12318 elementor-widget elementor-widget-text-editor\" data-id=\"0b12318\" data-element_type=\"widget\" data-e-type=\"widget\" data-widget_type=\"text-editor.default\">\n\t\t\t\t<div class=\"elementor-widget-container\">\n\t\t\t\t\t\t\t\t\t<p style=\"text-align: center;\"><span style=\"color: #ffffff;\">Ahora si, vas a especificar qu\u00e9 Actividad vas a realizar y a partir de cuando. Para eso, vas a elegir del listado por palabra clave o vas a buscar el c\u00f3digo en el<\/span>\u00a0<span style=\"color: #00ccff;\"><a style=\"color: #00ccff;\" href=\"https:\/\/serviciosweb.afip.gob.ar\/genericos\/nomencladorActividades\/index.aspx\" target=\"_blank\" rel=\"noopener\">Nomenclador de Actividades Econ\u00f3micas<\/a>\u00a0<\/span><span style=\"color: #ffffff;\">. Podes realizar m\u00e1s de una actividad, pero solo una ser\u00e1 la principal.<\/span><\/p>\t\t\t\t\t\t\t\t<\/div>\n\t\t\t\t<\/div>\n\t\t\t\t<\/div>\n\t\t\t\t<\/div>\n\t\t<div class=\"elementor-element elementor-element-adb90ad e-con-full e-flex e-con e-child\" data-id=\"adb90ad\" data-element_type=\"container\" data-e-type=\"container\">\n\t\t<div class=\"elementor-element elementor-element-0a2800d e-con-full e-flex e-con e-child\" data-id=\"0a2800d\" data-element_type=\"container\" data-e-type=\"container\" data-settings=\"{&quot;background_background&quot;:&quot;classic&quot;}\">\n\t\t\t\t<div class=\"elementor-element elementor-element-49c909d elementor-widget elementor-widget-heading\" data-id=\"49c909d\" data-element_type=\"widget\" data-e-type=\"widget\" data-widget_type=\"heading.default\">\n\t\t\t\t<div class=\"elementor-widget-container\">\n\t\t\t\t\t<h2 class=\"elementor-heading-title elementor-size-default\">PASO 7<\/h2>\t\t\t\t<\/div>\n\t\t\t\t<\/div>\n\t\t\t\t<div class=\"elementor-element elementor-element-09fb469 elementor-widget elementor-widget-text-editor\" data-id=\"09fb469\" data-element_type=\"widget\" data-e-type=\"widget\" data-widget_type=\"text-editor.default\">\n\t\t\t\t<div class=\"elementor-widget-container\">\n\t\t\t\t\t\t\t\t\t<p style=\"text-align: center;\"><span style=\"font-weight: 400; color: #ffffff;\">A continuaci\u00f3n chequea los datos ingresados y confirmalos.<\/span><\/p>\t\t\t\t\t\t\t\t<\/div>\n\t\t\t\t<\/div>\n\t\t\t\t<\/div>\n\t\t<div class=\"elementor-element elementor-element-ca406d1 e-con-full e-flex e-con e-child\" data-id=\"ca406d1\" data-element_type=\"container\" data-e-type=\"container\" data-settings=\"{&quot;background_background&quot;:&quot;classic&quot;}\">\n\t\t\t\t<div class=\"elementor-element elementor-element-c32bf00 elementor-widget elementor-widget-heading\" data-id=\"c32bf00\" data-element_type=\"widget\" data-e-type=\"widget\" data-widget_type=\"heading.default\">\n\t\t\t\t<div class=\"elementor-widget-container\">\n\t\t\t\t\t<h2 class=\"elementor-heading-title elementor-size-default\">PASO 8<\/h2>\t\t\t\t<\/div>\n\t\t\t\t<\/div>\n\t\t\t\t<div class=\"elementor-element elementor-element-cd867b8 elementor-widget elementor-widget-text-editor\" data-id=\"cd867b8\" data-element_type=\"widget\" data-e-type=\"widget\" data-widget_type=\"text-editor.default\">\n\t\t\t\t<div class=\"elementor-widget-container\">\n\t\t\t\t\t\t\t\t\t<p style=\"text-align: center;\"><span style=\"font-weight: 400; color: #ffffff;\">Ahora selecciona en qu\u00e9 r\u00e9gimen impositivo vas a inscribirte, en este caso, MONOTRIBUTO.<\/span><\/p>\t\t\t\t\t\t\t\t<\/div>\n\t\t\t\t<\/div>\n\t\t\t\t<\/div>\n\t\t<div class=\"elementor-element elementor-element-50dba0b e-con-full e-flex e-con e-child\" data-id=\"50dba0b\" data-element_type=\"container\" data-e-type=\"container\" data-settings=\"{&quot;background_background&quot;:&quot;classic&quot;}\">\n\t\t\t\t<div class=\"elementor-element elementor-element-8c540c2 elementor-widget elementor-widget-heading\" data-id=\"8c540c2\" data-element_type=\"widget\" data-e-type=\"widget\" data-widget_type=\"heading.default\">\n\t\t\t\t<div class=\"elementor-widget-container\">\n\t\t\t\t\t<h2 class=\"elementor-heading-title elementor-size-default\">PASO 9<\/h2>\t\t\t\t<\/div>\n\t\t\t\t<\/div>\n\t\t\t\t<div class=\"elementor-element elementor-element-dcfd080 elementor-widget elementor-widget-text-editor\" data-id=\"dcfd080\" data-element_type=\"widget\" data-e-type=\"widget\" data-widget_type=\"text-editor.default\">\n\t\t\t\t<div class=\"elementor-widget-container\">\n\t\t\t\t\t\t\t\t\t<p style=\"text-align: center;\"><span style=\"font-weight: 400; color: #ffffff;\">Y luego qu\u00e9 tipo de Monotributo. Para la mayor\u00eda de los casos corresponde, &#8220;voy a realizar trabajo independiente&#8221;, si vas a vender productos o brindar un servicio.<\/span><\/p>\t\t\t\t\t\t\t\t<\/div>\n\t\t\t\t<\/div>\n\t\t\t\t<\/div>\n\t\t\t\t<\/div>\n\t\t<div class=\"elementor-element elementor-element-f4de1cb e-con-full e-flex e-con e-child\" data-id=\"f4de1cb\" data-element_type=\"container\" data-e-type=\"container\">\n\t\t<div class=\"elementor-element elementor-element-8697d80 e-con-full e-flex e-con e-child\" data-id=\"8697d80\" data-element_type=\"container\" data-e-type=\"container\" data-settings=\"{&quot;background_background&quot;:&quot;classic&quot;}\">\n\t\t\t\t<div class=\"elementor-element elementor-element-0118eee elementor-widget elementor-widget-heading\" data-id=\"0118eee\" data-element_type=\"widget\" data-e-type=\"widget\" data-widget_type=\"heading.default\">\n\t\t\t\t<div class=\"elementor-widget-container\">\n\t\t\t\t\t<h2 class=\"elementor-heading-title elementor-size-default\">PASO 10<\/h2>\t\t\t\t<\/div>\n\t\t\t\t<\/div>\n\t\t\t\t<div class=\"elementor-element elementor-element-baea3a7 elementor-widget elementor-widget-text-editor\" data-id=\"baea3a7\" data-element_type=\"widget\" data-e-type=\"widget\" data-widget_type=\"text-editor.default\">\n\t\t\t\t<div class=\"elementor-widget-container\">\n\t\t\t\t\t\t\t\t\t<p style=\"text-align: center;\"><span style=\"font-weight: 400; color: #ffffff;\">Luego, atencion! Complet\u00e1 los datos de fecha de inicio y tipo de actividad, facturaci\u00f3n anual estimada y locaci\u00f3n (el lugar donde vas a realizar tu actividad)<\/span><\/p>\t\t\t\t\t\t\t\t<\/div>\n\t\t\t\t<\/div>\n\t\t\t\t<\/div>\n\t\t<div class=\"elementor-element elementor-element-cf39c0e e-con-full e-flex e-con e-child\" data-id=\"cf39c0e\" data-element_type=\"container\" data-e-type=\"container\" data-settings=\"{&quot;background_background&quot;:&quot;classic&quot;}\">\n\t\t\t\t<div class=\"elementor-element elementor-element-0f502cf elementor-widget elementor-widget-heading\" data-id=\"0f502cf\" data-element_type=\"widget\" data-e-type=\"widget\" data-widget_type=\"heading.default\">\n\t\t\t\t<div class=\"elementor-widget-container\">\n\t\t\t\t\t<h2 class=\"elementor-heading-title elementor-size-default\">PASO 11<\/h2>\t\t\t\t<\/div>\n\t\t\t\t<\/div>\n\t\t\t\t<div class=\"elementor-element elementor-element-e5a8264 elementor-widget elementor-widget-text-editor\" data-id=\"e5a8264\" data-element_type=\"widget\" data-e-type=\"widget\" data-widget_type=\"text-editor.default\">\n\t\t\t\t<div class=\"elementor-widget-container\">\n\t\t\t\t\t\t\t\t\t<p style=\"text-align: center;\"><span style=\"color: #ffffff;\">En este paso, vas a seleccionar si queres incluir los APORTES para tu jubilaci\u00f3n al pago del monotributo o si est\u00e1s realizando aportes de otra manera (sos jubilado, trabajas en relaci\u00f3n de dependencia, etc)<\/span><\/p>\t\t\t\t\t\t\t\t<\/div>\n\t\t\t\t<\/div>\n\t\t\t\t<\/div>\n\t\t<div class=\"elementor-element elementor-element-67bd031 e-con-full e-flex e-con e-child\" data-id=\"67bd031\" data-element_type=\"container\" data-e-type=\"container\" data-settings=\"{&quot;background_background&quot;:&quot;classic&quot;}\">\n\t\t\t\t<div class=\"elementor-element elementor-element-98a3c23 elementor-widget elementor-widget-heading\" data-id=\"98a3c23\" data-element_type=\"widget\" data-e-type=\"widget\" data-widget_type=\"heading.default\">\n\t\t\t\t<div class=\"elementor-widget-container\">\n\t\t\t\t\t<h2 class=\"elementor-heading-title elementor-size-default\">PASO 12<\/h2>\t\t\t\t<\/div>\n\t\t\t\t<\/div>\n\t\t\t\t<div class=\"elementor-element elementor-element-0631bdf elementor-widget elementor-widget-text-editor\" data-id=\"0631bdf\" data-element_type=\"widget\" data-e-type=\"widget\" data-widget_type=\"text-editor.default\">\n\t\t\t\t<div class=\"elementor-widget-container\">\n\t\t\t\t\t\t\t\t\t<p style=\"text-align: center;\"><span style=\"font-weight: 400; color: #ffffff;\">Ahora ten\u00e9s que elegir una OBRA SOCIAL de las que se encuentran en el listado. Cuando termines con el tr\u00e1mite de adhesi\u00f3n al monotributo, vas a tener que ir a la obra social que elegiste y llevar la documentaci\u00f3n que te pidan.<\/span><\/p><p style=\"text-align: center;\"><span style=\"font-weight: 400; color: #ffffff;\">Antes de seguir al pr\u00f3ximo paso, imprimi los formularios del Sistema Integrado Previsional Argentino para llevarlo a ANSES a la brevedad<\/span><\/p>\t\t\t\t\t\t\t\t<\/div>\n\t\t\t\t<\/div>\n\t\t\t\t<\/div>\n\t\t\t\t<\/div>\n\t\t<div class=\"elementor-element elementor-element-bed1e99 e-con-full e-flex e-con e-child\" data-id=\"bed1e99\" data-element_type=\"container\" data-e-type=\"container\">\n\t\t<div class=\"elementor-element elementor-element-6888c14 e-con-full e-flex e-con e-child\" data-id=\"6888c14\" data-element_type=\"container\" data-e-type=\"container\" data-settings=\"{&quot;background_background&quot;:&quot;classic&quot;}\">\n\t\t\t\t<div class=\"elementor-element elementor-element-348781c elementor-widget elementor-widget-heading\" data-id=\"348781c\" data-element_type=\"widget\" data-e-type=\"widget\" data-widget_type=\"heading.default\">\n\t\t\t\t<div class=\"elementor-widget-container\">\n\t\t\t\t\t<h2 class=\"elementor-heading-title elementor-size-default\">PASO 13 <\/h2>\t\t\t\t<\/div>\n\t\t\t\t<\/div>\n\t\t\t\t<div class=\"elementor-element elementor-element-461bf23 elementor-widget elementor-widget-text-editor\" data-id=\"461bf23\" data-element_type=\"widget\" data-e-type=\"widget\" data-widget_type=\"text-editor.default\">\n\t\t\t\t<div class=\"elementor-widget-container\">\n\t\t\t\t\t\t\t\t\t<p style=\"text-align: center;\"><span style=\"font-weight: 400; color: #ffffff;\">\u00daLTIMO PASO!!\u00a0 Tomate un ratito, y verifica que todos los datos que ingresaste sean correctos. De necesitarlo, pod\u00e9s hacer modificaciones o bien pod\u00e9s CONFIRMAR ADHESI\u00d3N y el tr\u00e1mite quedar\u00e1 finalizado.<\/span><\/p>\t\t\t\t\t\t\t\t<\/div>\n\t\t\t\t<\/div>\n\t\t\t\t<\/div>\n\t\t<div class=\"elementor-element elementor-element-8faa01f e-con-full e-flex e-con e-child\" data-id=\"8faa01f\" data-element_type=\"container\" data-e-type=\"container\" data-settings=\"{&quot;background_background&quot;:&quot;classic&quot;}\">\n\t\t\t\t<div class=\"elementor-element elementor-element-12b5cdb elementor-widget elementor-widget-heading\" data-id=\"12b5cdb\" data-element_type=\"widget\" data-e-type=\"widget\" data-widget_type=\"heading.default\">\n\t\t\t\t<div class=\"elementor-widget-container\">\n\t\t\t\t\t<h2 class=\"elementor-heading-title elementor-size-default\">PASO 14<\/h2>\t\t\t\t<\/div>\n\t\t\t\t<\/div>\n\t\t\t\t<div class=\"elementor-element elementor-element-2f669b6 elementor-widget elementor-widget-text-editor\" data-id=\"2f669b6\" data-element_type=\"widget\" data-e-type=\"widget\" data-widget_type=\"text-editor.default\">\n\t\t\t\t<div class=\"elementor-widget-container\">\n\t\t\t\t\t\t\t\t\t<p style=\"text-align: center;\"><span style=\"font-weight: 400; color: #ffffff;\">Felicitaciones!! Ya sos MONOTRIBUTISTA. En esta \u00faltima pantalla ten\u00e9s la opci\u00f3n de imprimir tus constancias y credenciales o de pasar a tu p\u00e1gina personal de Mi Monotributo.<\/span><\/p><p style=\"text-align: center;\"><span style=\"font-weight: 400; color: #ffffff;\">M\u00e1s informaci\u00f3n <\/span><span style=\"color: #00ccff;\"><a style=\"color: #00ccff;\" href=\"https:\/\/serviciosweb.afip.gob.ar\/genericos\/guiasPasoPaso\/VerGuia.aspx?id=219\" target=\"_blank\" rel=\"noopener\"><span style=\"font-weight: 400;\">AQU\u00cd<\/span><\/a><\/span><\/p>\t\t\t\t\t\t\t\t<\/div>\n\t\t\t\t<\/div>\n\t\t\t\t<\/div>\n\t\t\t\t<\/div>\n\t\t\t\t<div class=\"elementor-element elementor-element-fdd0638 elementor-widget elementor-widget-button\" data-id=\"fdd0638\" data-element_type=\"widget\" data-e-type=\"widget\" data-widget_type=\"button.default\">\n\t\t\t\t<div class=\"elementor-widget-container\">\n\t\t\t\t\t\t\t\t\t<div class=\"elementor-button-wrapper\">\n\t\t\t\t\t<a class=\"elementor-button elementor-button-link elementor-size-sm\" href=\"https:\/\/caproq.com\/index.php\/impulsa\/\">\n\t\t\t\t\t\t<span class=\"elementor-button-content-wrapper\">\n\t\t\t\t\t\t\t\t\t<span class=\"elementor-button-text\">Volver a impulsa<\/span>\n\t\t\t\t\t<\/span>\n\t\t\t\t\t<\/a>\n\t\t\t\t<\/div>\n\t\t\t\t\t\t\t\t<\/div>\n\t\t\t\t<\/div>\n\t\t\t\t<\/div>\n\t\t\t\t<\/div>\n\t\t","protected":false},"excerpt":{"rendered":"<p>MONOTRIBUTO El monotributo es un r\u00e9gimen para peque\u00f1os contribuyentes que realicen cualquier actividad comercial, en el que se unifican el componente impositivo nacional (IVA&hellip;<\/p>\n","protected":false},"author":1,"featured_media":0,"parent":0,"menu_order":0,"comment_status":"closed","ping_status":"closed","template":"","meta":{"footnotes":""},"class_list":["post-2007","page","type-page","status-publish","hentry"],"_links":{"self":[{"href":"https:\/\/caproq.com\/index.php\/wp-json\/wp\/v2\/pages\/2007","targetHints":{"allow":["GET"]}}],"collection":[{"href":"https:\/\/caproq.com\/index.php\/wp-json\/wp\/v2\/pages"}],"about":[{"href":"https:\/\/caproq.com\/index.php\/wp-json\/wp\/v2\/types\/page"}],"author":[{"embeddable":true,"href":"https:\/\/caproq.com\/index.php\/wp-json\/wp\/v2\/users\/1"}],"replies":[{"embeddable":true,"href":"https:\/\/caproq.com\/index.php\/wp-json\/wp\/v2\/comments?post=2007"}],"version-history":[{"count":12,"href":"https:\/\/caproq.com\/index.php\/wp-json\/wp\/v2\/pages\/2007\/revisions"}],"predecessor-version":[{"id":3075,"href":"https:\/\/caproq.com\/index.php\/wp-json\/wp\/v2\/pages\/2007\/revisions\/3075"}],"wp:attachment":[{"href":"https:\/\/caproq.com\/index.php\/wp-json\/wp\/v2\/media?parent=2007"}],"curies":[{"name":"wp","href":"https:\/\/api.w.org\/{rel}","templated":true}]}}