{"id":1999,"date":"2024-05-03T19:54:59","date_gmt":"2024-05-03T22:54:59","guid":{"rendered":"https:\/\/caproq.com\/?page_id=1999"},"modified":"2024-11-11T15:50:36","modified_gmt":"2024-11-11T18:50:36","slug":"certificado-mipyme","status":"publish","type":"page","link":"https:\/\/caproq.com\/index.php\/certificado-mipyme\/","title":{"rendered":"Certificado mipyme (HACER NUEVA)"},"content":{"rendered":"\t\t<div data-elementor-type=\"wp-page\" data-elementor-id=\"1999\" class=\"elementor elementor-1999\">\n\t\t\t\t<div class=\"elementor-element elementor-element-f3b892a e-flex e-con-boxed e-con e-parent\" data-id=\"f3b892a\" data-element_type=\"container\" data-e-type=\"container\">\n\t\t\t\t\t<div class=\"e-con-inner\">\n\t\t\t\t<div class=\"elementor-element elementor-element-f7487ba elementor-widget elementor-widget-spacer\" data-id=\"f7487ba\" data-element_type=\"widget\" data-e-type=\"widget\" data-widget_type=\"spacer.default\">\n\t\t\t\t<div class=\"elementor-widget-container\">\n\t\t\t\t\t\t\t<div class=\"elementor-spacer\">\n\t\t\t<div class=\"elementor-spacer-inner\"><\/div>\n\t\t<\/div>\n\t\t\t\t\t\t<\/div>\n\t\t\t\t<\/div>\n\t\t\t\t<div class=\"elementor-element elementor-element-42de3fb elementor-widget elementor-widget-heading\" data-id=\"42de3fb\" data-element_type=\"widget\" data-e-type=\"widget\" data-widget_type=\"heading.default\">\n\t\t\t\t<div class=\"elementor-widget-container\">\n\t\t\t\t\t<h1 class=\"elementor-heading-title elementor-size-default\">CERTIFICADO MIPYME<\/h1>\t\t\t\t<\/div>\n\t\t\t\t<\/div>\n\t\t\t\t<div class=\"elementor-element elementor-element-3c46100 elementor-widget-divider--view-line elementor-widget elementor-widget-divider\" data-id=\"3c46100\" data-element_type=\"widget\" data-e-type=\"widget\" data-widget_type=\"divider.default\">\n\t\t\t\t<div class=\"elementor-widget-container\">\n\t\t\t\t\t\t\t<div class=\"elementor-divider\">\n\t\t\t<span class=\"elementor-divider-separator\">\n\t\t\t\t\t\t<\/span>\n\t\t<\/div>\n\t\t\t\t\t\t<\/div>\n\t\t\t\t<\/div>\n\t\t\t\t<div class=\"elementor-element elementor-element-b0202ef elementor-widget elementor-widget-heading\" data-id=\"b0202ef\" data-element_type=\"widget\" data-e-type=\"widget\" data-widget_type=\"heading.default\">\n\t\t\t\t<div class=\"elementor-widget-container\">\n\t\t\t\t\t<h2 class=\"elementor-heading-title elementor-size-default\">\u00bfQU\u00c9 ES UNA PYME?<\/h2>\t\t\t\t<\/div>\n\t\t\t\t<\/div>\n\t\t\t\t<div class=\"elementor-element elementor-element-8f6cb18 elementor-widget elementor-widget-text-editor\" data-id=\"8f6cb18\" data-element_type=\"widget\" data-e-type=\"widget\" data-widget_type=\"text-editor.default\">\n\t\t\t\t<div class=\"elementor-widget-container\">\n\t\t\t\t\t\t\t\t\t<h5><span style=\"font-weight: 400; color: #000000;\">Una empresa a toda unidad econ\u00f3mica que desarrolle, con el objetivo de obtener ganancias, el ejercicio de una actividad econ\u00f3mica basada en la producci\u00f3n, extracci\u00f3n o intercambio de bienes o en la prestaci\u00f3n de servicios.<\/span><\/h5><h5><span style=\"font-weight: 400; color: #000000;\">Una MiPyME es una micro, peque\u00f1a o mediana empresa que realiza, en el pa\u00eds, sus actividades en alguno de estos sectores: servicios, comercial, industrial, agropecuario, construcci\u00f3n o minero. Puede estar integrada por una o varias personas y su categor\u00eda se establece de acuerdo a la actividad declarada, a los montos de las ventas totales anuales o a la cantidad de empleados.<\/span><\/h5>\t\t\t\t\t\t\t\t<\/div>\n\t\t\t\t<\/div>\n\t\t\t\t<div class=\"elementor-element elementor-element-bc4c6b2 elementor-widget elementor-widget-heading\" data-id=\"bc4c6b2\" data-element_type=\"widget\" data-e-type=\"widget\" data-widget_type=\"heading.default\">\n\t\t\t\t<div class=\"elementor-widget-container\">\n\t\t\t\t\t<h2 class=\"elementor-heading-title elementor-size-default\">\u00bfQU\u00c9 ES EL CERTIFICADO MIPYME?<\/h2>\t\t\t\t<\/div>\n\t\t\t\t<\/div>\n\t\t\t\t<div class=\"elementor-element elementor-element-b00ffd4 elementor-widget elementor-widget-text-editor\" data-id=\"b00ffd4\" data-element_type=\"widget\" data-e-type=\"widget\" data-widget_type=\"text-editor.default\">\n\t\t\t\t<div class=\"elementor-widget-container\">\n\t\t\t\t\t\t\t\t\t<h5><span style=\"font-weight: 400;\">Es un documento, que adem\u00e1s de acreditar tu condici\u00f3n como MiPyME ante la AFIP, la Secretar\u00eda de Industria y Desarrollo Productivo y terceros organismos e instituciones, te permite acceder a financiamiento, beneficios impositivos y programas de asistencia para tu empresa o emprendimiento.<\/span><\/h5>\t\t\t\t\t\t\t\t<\/div>\n\t\t\t\t<\/div>\n\t\t\t\t<div class=\"elementor-element elementor-element-d3e80d2 elementor-widget elementor-widget-heading\" data-id=\"d3e80d2\" data-element_type=\"widget\" data-e-type=\"widget\" data-widget_type=\"heading.default\">\n\t\t\t\t<div class=\"elementor-widget-container\">\n\t\t\t\t\t<h2 class=\"elementor-heading-title elementor-size-default\">\u00bfQUI\u00c9NES PUEDEN OBTENERLO?<\/h2>\t\t\t\t<\/div>\n\t\t\t\t<\/div>\n\t\t\t\t<div class=\"elementor-element elementor-element-48ce88d elementor-widget elementor-widget-text-editor\" data-id=\"48ce88d\" data-element_type=\"widget\" data-e-type=\"widget\" data-widget_type=\"text-editor.default\">\n\t\t\t\t<div class=\"elementor-widget-container\">\n\t\t\t\t\t\t\t\t\t<h5><span style=\"font-weight: 400; color: #000000;\">Monotributistas, profesionales que desarrollen actividad independiente, comerciantes y sociedades.<\/span><\/h5>\t\t\t\t\t\t\t\t<\/div>\n\t\t\t\t<\/div>\n\t\t\t\t<div class=\"elementor-element elementor-element-637cbbd elementor-widget elementor-widget-heading\" data-id=\"637cbbd\" data-element_type=\"widget\" data-e-type=\"widget\" data-widget_type=\"heading.default\">\n\t\t\t\t<div class=\"elementor-widget-container\">\n\t\t\t\t\t<h2 class=\"elementor-heading-title elementor-size-default\">\u00bfQU\u00c9 NECESITO?<\/h2>\t\t\t\t<\/div>\n\t\t\t\t<\/div>\n\t\t\t\t<div class=\"elementor-element elementor-element-33bf6dd elementor-widget elementor-widget-text-editor\" data-id=\"33bf6dd\" data-element_type=\"widget\" data-e-type=\"widget\" data-widget_type=\"text-editor.default\">\n\t\t\t\t<div class=\"elementor-widget-container\">\n\t\t\t\t\t\t\t\t\t<ul><li style=\"font-weight: 400;\" aria-level=\"1\"><h5><span style=\"font-weight: 400; color: #000000;\">Tener CUIT.<\/span><\/h5><\/li><li style=\"font-weight: 400;\" aria-level=\"1\"><h5><span style=\"font-weight: 400; color: #000000;\">Tener Clave Fiscal nivel 2 o superior.<\/span><\/h5><\/li><li style=\"font-weight: 400;\" aria-level=\"1\"><h5><span style=\"font-weight: 400; color: #000000;\">Estar inscripto en el Monotributo o en el R\u00e9gimen General<\/span><\/h5><\/li><li style=\"font-weight: 400;\" aria-level=\"1\"><h5><span style=\"font-weight: 400; color: #000000;\">Estar adherido a <\/span><a href=\"https:\/\/tramitesadistancia.gob.ar\/\" target=\"_blank\" rel=\"noopener\"><span style=\"font-weight: 400;\">Tr\u00e1mites a distancia (TAD)<\/span><\/a><span style=\"font-weight: 400;\">.<\/span><\/h5><\/li><li style=\"font-weight: 400;\" aria-level=\"1\"><h5><span style=\"font-weight: 400; color: #000000;\">Haber realizado la presentaci\u00f3n de las declaraciones juradas de IVA, F.931 (si sos empleador) o tres \u00faltimos pagos de Monotributo.\u00a0<\/span><\/h5><\/li><\/ul><h5><span style=\"font-weight: 400; color: #000000;\">Tramitalo <\/span><a href=\"https:\/\/www.argentina.gob.ar\/servicio\/registrar-una-pyme\" target=\"_blank\" rel=\"noopener\"><span style=\"font-weight: 400;\">ACA<\/span><\/a><\/h5>\t\t\t\t\t\t\t\t<\/div>\n\t\t\t\t<\/div>\n\t\t\t\t<div class=\"elementor-element elementor-element-1aa50d3 elementor-widget elementor-widget-button\" data-id=\"1aa50d3\" data-element_type=\"widget\" data-e-type=\"widget\" data-widget_type=\"button.default\">\n\t\t\t\t<div class=\"elementor-widget-container\">\n\t\t\t\t\t\t\t\t\t<div class=\"elementor-button-wrapper\">\n\t\t\t\t\t<a class=\"elementor-button elementor-button-link elementor-size-sm elementor-animation-shrink\" href=\"https:\/\/caproq.com\/index.php\/impulsa\/\">\n\t\t\t\t\t\t<span class=\"elementor-button-content-wrapper\">\n\t\t\t\t\t\t\t\t\t<span class=\"elementor-button-text\">Volver a impulsa<\/span>\n\t\t\t\t\t<\/span>\n\t\t\t\t\t<\/a>\n\t\t\t\t<\/div>\n\t\t\t\t\t\t\t\t<\/div>\n\t\t\t\t<\/div>\n\t\t\t\t\t<\/div>\n\t\t\t\t<\/div>\n\t\t\t\t<\/div>\n\t\t","protected":false},"excerpt":{"rendered":"<p>CERTIFICADO MIPYME \u00bfQU\u00c9 ES UNA PYME? Una empresa a toda unidad econ\u00f3mica que desarrolle, con el objetivo de obtener ganancias, el ejercicio de una&hellip;<\/p>\n","protected":false},"author":1,"featured_media":0,"parent":0,"menu_order":0,"comment_status":"closed","ping_status":"closed","template":"elementor_canvas","meta":{"footnotes":""},"class_list":["post-1999","page","type-page","status-publish","hentry"],"_links":{"self":[{"href":"https:\/\/caproq.com\/index.php\/wp-json\/wp\/v2\/pages\/1999","targetHints":{"allow":["GET"]}}],"collection":[{"href":"https:\/\/caproq.com\/index.php\/wp-json\/wp\/v2\/pages"}],"about":[{"href":"https:\/\/caproq.com\/index.php\/wp-json\/wp\/v2\/types\/page"}],"author":[{"embeddable":true,"href":"https:\/\/caproq.com\/index.php\/wp-json\/wp\/v2\/users\/1"}],"replies":[{"embeddable":true,"href":"https:\/\/caproq.com\/index.php\/wp-json\/wp\/v2\/comments?post=1999"}],"version-history":[{"count":20,"href":"https:\/\/caproq.com\/index.php\/wp-json\/wp\/v2\/pages\/1999\/revisions"}],"predecessor-version":[{"id":3108,"href":"https:\/\/caproq.com\/index.php\/wp-json\/wp\/v2\/pages\/1999\/revisions\/3108"}],"wp:attachment":[{"href":"https:\/\/caproq.com\/index.php\/wp-json\/wp\/v2\/media?parent=1999"}],"curies":[{"name":"wp","href":"https:\/\/api.w.org\/{rel}","templated":true}]}}